{"id":7609,"date":"2018-05-25T16:59:14","date_gmt":"2018-05-25T14:59:14","guid":{"rendered":"http:\/\/www.mauviel.com\/?page_id=7609"},"modified":"2020-01-30T10:41:38","modified_gmt":"2020-01-30T09:41:38","slug":"legal-information","status":"publish","type":"page","link":"https:\/\/www.mauviel.com\/en\/legal-information\/","title":{"rendered":"Legal information"},"content":{"rendered":"Conception : <a href=\"https:\/\/www.lasuite-atelier.com\/\" target=\"_blank\" rel=\"noopener noreferrer\">Lasuite Atelier<\/a><br\/>\r\nPhotographies : Didier Delmas<br\/>\r\nDirecteur artistique photographies : Fran\u00e7ois Delclaux<br\/>\r\nIllustrations : George Riu<br\/>\r\nDirectrice de la publication : Val\u00e9rie Leguern Gilbert<br\/>\r\nResponsable du projet : Fr\u00e9d\u00e9rique Sergues<br\/>\r\nStockage : OVH SAS, 2 rue Kellermann, 59 100 Roubaix, France\r\n\r\n<h3>Responsabilit\u00e9s<\/h3>\r\n\r\nL\u2019utilisateur reconna\u00eet avoir pris connaissance des pr\u00e9sentes conditions d\u2019utilisation et s\u2019engage \u00e0 les respecter.\r\nL\u2019utilisateur du site internet reconna\u00eet disposer de la comp\u00e9tence et des moyens n\u00e9cessaires pour acc\u00e9der et utiliser ce site.\r\nL\u2019utilisateur du site internet reconna\u00eet avoir v\u00e9rifi\u00e9 que la configuration informatique utilis\u00e9e ne contient aucun virus et qu\u2019elle est en parfait \u00e9tat de fonctionnement.\r\nNous mettons tout en \u0153uvre pour offrir aux utilisateurs des informations et\/ou des outils disponibles et v\u00e9rifi\u00e9s mais ne saurions \u00eatre tenus pour responsable des erreurs, d\u2019une absence de disponibilit\u00e9 des fonctionnalit\u00e9s et\/ou de la pr\u00e9sence de virus sur son site.\r\nLes informations fournies par Mauviel1830 sont \u00e0 titre indicatif et ne sauraient dispenser l\u2019utilisateur d\u2019une analyse compl\u00e9mentaire et personnalis\u00e9e.\r\nNous ne saurons garantir l\u2019exactitude, la compl\u00e9tude, l\u2019actualit\u00e9 des informations diffus\u00e9es sur notre site. En cons\u00e9quence, l\u2019utilisateur reconna\u00eet utiliser ces informations sous sa responsabilit\u00e9 exclusive.\r\n\r\n<h3>Droits de propri\u00e9t\u00e9 intellectuelle<\/h3>\r\n\r\nLa conception g\u00e9n\u00e9rale, ainsi que les textes, images anim\u00e9es ou non, sons, savoir faire et tout autres \u00e9l\u00e9ments composants le site sont la propri\u00e9t\u00e9 exclusive de Mauviel1830 et\/ou de ses fournisseurs.\r\nL\u2019ensemble de ce site rel\u00e8ve de la l\u00e9gislation fran\u00e7aise sur le droit d\u2019auteur et la propri\u00e9t\u00e9 intellectuelle.\r\nIl en est de m\u00eame des bases de donn\u00e9es figurant sur le site web, qui sont prot\u00e9g\u00e9es par les dispositions de la loi du 1er juillet 1998 (article L112-3), et dont Mauviel1830 est producteur.\r\nLa reproduction de tout ou partie de ce site (autre que techniquement n\u00e9cessaire \u00e0 sa consultation) sur un support \u00e9lectronique quel qu\u2019il soit est express\u00e9ment interdite.\r\nLa reproduction d\u2019un \u00e9l\u00e9ment de ce site sur un support papier est autoris\u00e9e, sous r\u00e9serve du respect des deux conditions suivantes :\r\n\u2013 respect de l\u2019int\u00e9grit\u00e9 des documents reproduits : pas de modification ni alt\u00e9ration d\u2019aucune sorte,\r\n\u2013 citation claire et lisible de la source sous la forme suivante -par exemple \u2013 : \u00ab ce document provient du site Mauviel1830. Droits de reproduction r\u00e9serv\u00e9s et strictement limit\u00e9s \u00bb.\r\nL\u2019adresse Internet du site doit toujours figurer dans la r\u00e9f\u00e9rence.\r\nL\u2019utilisation du contenu du site en contravention avec ces prescriptions vaut contrefa\u00e7on au sens de l\u2019article 335-2 du Code de la propri\u00e9t\u00e9 intellectuelle.\r\nOutre des dommages et int\u00e9r\u00eats au titre de la responsabilit\u00e9 civile, celle-ci peut \u00eatre p\u00e9nalement sanctionn\u00e9e de 300 000 euros d\u2019amende et\/ou de 3 ans d\u2019emprisonnement.\r\nPour d\u2019autres utilisations, merci de prendre contact avec nous.\r\nTous liens hypertextes mis en place vers le pr\u00e9sent site webdepuis d\u2019autres ressources pr\u00e9sentes sur le r\u00e9seau Internet, doivent imp\u00e9rativement faire l\u2019objet d\u2019une autorisation \u00e9crite et expresse de Mauviel1830.\r\n\u00c0 cette fin, merci de prendre contact avec nous. Mauviel1830 d\u00e9cline toute responsabilit\u00e9 relative au contenu des sites Internet vers lesquels des liens hypertextes pourraient renvoyer depuis le site Mauviel1830.\r\n\r\n<h3>Protection des donn\u00e9es personnelles<\/h3>\r\n\r\nSelon l\u2019article 34 de la loi fran\u00e7aise n\u00b0 78-17 du 6 janvier 1978 relative \u00e0 l\u2019informatique, aux fichiers et aux libert\u00e9s, tout utilisateur ayant d\u00e9pos\u00e9 sur le site des informations directement ou indirectement nominatives peut demander la communication des informations personnelles le concernant \u00e0 l\u2019administrateur du service, les faire rectifier ou supprimer le cas \u00e9ch\u00e9ant en contactant le Mauviel1830.\r\nVos coordonn\u00e9es ne seront pas divulgu\u00e9es \u00e0 des soci\u00e9t\u00e9s tiers.\r\n\r\n<h3>Cookie<\/h3>\r\n\r\nLe cookie est un indicateur d\u00e9pos\u00e9 par notre site sur le disque dur de votre ordinateur et n\u2019a pour but que de vous simplifier la navigation lors de vos visites ult\u00e9rieures.\r\nNotre site Internet peut utiliser la technologie des cookies afin :\r\n\u2013 d\u2019\u00e9laborer des statistiques sur la navigation du site ;\r\n\u2013 de garantir le fonctionnement de certaines applications du site, pour lesquelles les cookies sont n\u00e9cessaires ;\r\n\u2013 de garder en m\u00e9moire votre identifiant. Ceci nous permet lors de votre prochaine visite sur notre site de vous proposer \u00e9ventuellement des offres personnalis\u00e9es.\r\nEn vertu de votre droit d\u2019opposition, vous pouvez vous opposer \u00e0 l\u2019enregistrement de ces \u00ab cookies \u00bb en configurant votre navigateur Internet.","protected":false},"excerpt":{"rendered":"<p>Conception : Lasuite Atelier Photographies : Didier Delmas Directeur artistique photographies : Fran\u00e7ois Delclaux Illustrations : George Riu Directrice de la publication : Val\u00e9rie Leguern Gilbert Responsable du projet : Fr\u00e9d\u00e9rique Sergues Stockage : OVH SAS, 2 rue Kellermann, 59 100 Roubaix, France Responsabilit\u00e9s L\u2019utilisateur reconna\u00eet avoir pris connaissance des pr\u00e9sentes conditions d\u2019utilisation et s\u2019engage &hellip; <a href=\"https:\/\/www.mauviel.com\/en\/legal-information\/\" class=\"more-link\">Continue reading <span class=\"screen-reader-text\">Legal information<\/span> <span class=\"meta-nav\">&rarr;<\/span><\/a><\/p>\n","protected":false},"author":1,"featured_media":0,"parent":0,"menu_order":0,"comment_status":"closed","ping_status":"closed","template":"","meta":{"footnotes":""},"class_list":["post-7609","page","type-page","status-publish","hentry"],"yoast_head":"<!-- This site is optimized with the Yoast SEO plugin v27.3 - https:\/\/yoast.com\/product\/yoast-seo-wordpress\/ -->\n<title>Legal information - Mauviel 1830<\/title>\n<meta name=\"robots\" content=\"index, follow, max-snippet:-1, max-image-preview:large, max-video-preview:-1\" \/>\n<link rel=\"canonical\" href=\"https:\/\/www.mauviel.com\/en\/legal-information\/\" \/>\n<meta property=\"og:locale\" content=\"en_US\" \/>\n<meta property=\"og:type\" content=\"article\" \/>\n<meta property=\"og:title\" content=\"Legal information - Mauviel 1830\" \/>\n<meta property=\"og:description\" content=\"Conception : Lasuite Atelier Photographies : Didier Delmas Directeur artistique photographies : Fran\u00e7ois Delclaux Illustrations : George Riu Directrice de la publication : Val\u00e9rie Leguern Gilbert Responsable du projet : Fr\u00e9d\u00e9rique Sergues Stockage : OVH SAS, 2 rue Kellermann, 59 100 Roubaix, France Responsabilit\u00e9s L\u2019utilisateur reconna\u00eet avoir pris connaissance des pr\u00e9sentes conditions d\u2019utilisation et s\u2019engage &hellip; Continue reading Legal information &rarr;\" \/>\n<meta property=\"og:url\" content=\"https:\/\/www.mauviel.com\/en\/legal-information\/\" \/>\n<meta property=\"og:site_name\" content=\"Mauviel 1830\" \/>\n<meta property=\"article:modified_time\" content=\"2020-01-30T09:41:38+00:00\" \/>\n<meta name=\"twitter:card\" content=\"summary_large_image\" \/>\n<meta name=\"twitter:label1\" content=\"Est. reading time\" \/>\n\t<meta name=\"twitter:data1\" content=\"4 minutes\" \/>\n<script type=\"application\/ld+json\" class=\"yoast-schema-graph\">{\"@context\":\"https:\\\/\\\/schema.org\",\"@graph\":[{\"@type\":\"WebPage\",\"@id\":\"https:\\\/\\\/www.mauviel.com\\\/en\\\/legal-information\\\/\",\"url\":\"https:\\\/\\\/www.mauviel.com\\\/en\\\/legal-information\\\/\",\"name\":\"Legal information - Mauviel 1830\",\"isPartOf\":{\"@id\":\"https:\\\/\\\/www.mauviel.com\\\/#website\"},\"datePublished\":\"2018-05-25T14:59:14+00:00\",\"dateModified\":\"2020-01-30T09:41:38+00:00\",\"breadcrumb\":{\"@id\":\"https:\\\/\\\/www.mauviel.com\\\/en\\\/legal-information\\\/#breadcrumb\"},\"inLanguage\":\"en-US\",\"potentialAction\":[{\"@type\":\"ReadAction\",\"target\":[\"https:\\\/\\\/www.mauviel.com\\\/en\\\/legal-information\\\/\"]}]},{\"@type\":\"BreadcrumbList\",\"@id\":\"https:\\\/\\\/www.mauviel.com\\\/en\\\/legal-information\\\/#breadcrumb\",\"itemListElement\":[{\"@type\":\"ListItem\",\"position\":1,\"name\":\"Accueil\",\"item\":\"https:\\\/\\\/www.mauviel.com\\\/en\\\/home\\\/\"},{\"@type\":\"ListItem\",\"position\":2,\"name\":\"Legal information\"}]},{\"@type\":\"WebSite\",\"@id\":\"https:\\\/\\\/www.mauviel.com\\\/#website\",\"url\":\"https:\\\/\\\/www.mauviel.com\\\/\",\"name\":\"Mauviel 1830\",\"description\":\"Mauviel, implant\u00e9e \u00e0 Villedieu-les Po\u00eales depuis plus de 150 ans, fabrique des articles de cuisine destin\u00e9s aux professionnels et aux particuliers\",\"potentialAction\":[{\"@type\":\"SearchAction\",\"target\":{\"@type\":\"EntryPoint\",\"urlTemplate\":\"https:\\\/\\\/www.mauviel.com\\\/?s={search_term_string}\"},\"query-input\":{\"@type\":\"PropertyValueSpecification\",\"valueRequired\":true,\"valueName\":\"search_term_string\"}}],\"inLanguage\":\"en-US\"}]}<\/script>\n<!-- \/ Yoast SEO plugin. -->","yoast_head_json":{"title":"Legal information - Mauviel 1830","robots":{"index":"index","follow":"follow","max-snippet":"max-snippet:-1","max-image-preview":"max-image-preview:large","max-video-preview":"max-video-preview:-1"},"canonical":"https:\/\/www.mauviel.com\/en\/legal-information\/","og_locale":"en_US","og_type":"article","og_title":"Legal information - Mauviel 1830","og_description":"Conception : Lasuite Atelier Photographies : Didier Delmas Directeur artistique photographies : Fran\u00e7ois Delclaux Illustrations : George Riu Directrice de la publication : Val\u00e9rie Leguern Gilbert Responsable du projet : Fr\u00e9d\u00e9rique Sergues Stockage : OVH SAS, 2 rue Kellermann, 59 100 Roubaix, France Responsabilit\u00e9s L\u2019utilisateur reconna\u00eet avoir pris connaissance des pr\u00e9sentes conditions d\u2019utilisation et s\u2019engage &hellip; Continue reading Legal information &rarr;","og_url":"https:\/\/www.mauviel.com\/en\/legal-information\/","og_site_name":"Mauviel 1830","article_modified_time":"2020-01-30T09:41:38+00:00","twitter_card":"summary_large_image","twitter_misc":{"Est. reading time":"4 minutes"},"schema":{"@context":"https:\/\/schema.org","@graph":[{"@type":"WebPage","@id":"https:\/\/www.mauviel.com\/en\/legal-information\/","url":"https:\/\/www.mauviel.com\/en\/legal-information\/","name":"Legal information - Mauviel 1830","isPartOf":{"@id":"https:\/\/www.mauviel.com\/#website"},"datePublished":"2018-05-25T14:59:14+00:00","dateModified":"2020-01-30T09:41:38+00:00","breadcrumb":{"@id":"https:\/\/www.mauviel.com\/en\/legal-information\/#breadcrumb"},"inLanguage":"en-US","potentialAction":[{"@type":"ReadAction","target":["https:\/\/www.mauviel.com\/en\/legal-information\/"]}]},{"@type":"BreadcrumbList","@id":"https:\/\/www.mauviel.com\/en\/legal-information\/#breadcrumb","itemListElement":[{"@type":"ListItem","position":1,"name":"Accueil","item":"https:\/\/www.mauviel.com\/en\/home\/"},{"@type":"ListItem","position":2,"name":"Legal information"}]},{"@type":"WebSite","@id":"https:\/\/www.mauviel.com\/#website","url":"https:\/\/www.mauviel.com\/","name":"Mauviel 1830","description":"Mauviel, implant\u00e9e \u00e0 Villedieu-les Po\u00eales depuis plus de 150 ans, fabrique des articles de cuisine destin\u00e9s aux professionnels et aux particuliers","potentialAction":[{"@type":"SearchAction","target":{"@type":"EntryPoint","urlTemplate":"https:\/\/www.mauviel.com\/?s={search_term_string}"},"query-input":{"@type":"PropertyValueSpecification","valueRequired":true,"valueName":"search_term_string"}}],"inLanguage":"en-US"}]}},"_links":{"self":[{"href":"https:\/\/www.mauviel.com\/en\/wp-json\/wp\/v2\/pages\/7609","targetHints":{"allow":["GET"]}}],"collection":[{"href":"https:\/\/www.mauviel.com\/en\/wp-json\/wp\/v2\/pages"}],"about":[{"href":"https:\/\/www.mauviel.com\/en\/wp-json\/wp\/v2\/types\/page"}],"author":[{"embeddable":true,"href":"https:\/\/www.mauviel.com\/en\/wp-json\/wp\/v2\/users\/1"}],"replies":[{"embeddable":true,"href":"https:\/\/www.mauviel.com\/en\/wp-json\/wp\/v2\/comments?post=7609"}],"version-history":[{"count":0,"href":"https:\/\/www.mauviel.com\/en\/wp-json\/wp\/v2\/pages\/7609\/revisions"}],"wp:attachment":[{"href":"https:\/\/www.mauviel.com\/en\/wp-json\/wp\/v2\/media?parent=7609"}],"curies":[{"name":"wp","href":"https:\/\/api.w.org\/{rel}","templated":true}]}}