{"id":7551,"date":"2018-05-23T21:31:16","date_gmt":"2018-05-23T19:31:16","guid":{"rendered":"http:\/\/www.mauviel.com\/?page_id=7551"},"modified":"2019-01-24T23:13:39","modified_gmt":"2019-01-24T22:13:39","slug":"recommendations-stainless-steel","status":"publish","type":"page","link":"https:\/\/www.mauviel.com\/en\/recommendations-stainless-steel\/","title":{"rendered":"Recommendations stainless steel"},"content":{"rendered":"<h2>Stainless steel<br\/>\r\nRanges M\u2019COOK, M\u2019URBAN, M\u2019ELITE, CUISINE MODERNE, M\u2019Minis stainless steel, M\u2019PASSION stainless steel<\/h2>\r\n\r\n<strong>Use recommendation<\/strong>\r\nDo not put any salt in cold water, the water must boil, first. It could result in corrosion through pricks.\r\nThis damages the stainless steel by piercing small holes or resulting in white patches.\r\n\r\n<u>Concerning stainless steel frying pans or stainless steel shallow frying pans <\/u>\r\nAfter cooking meat, if part of the grease remains stuck to the utensil, pour a little water, while the dish is still warm.\r\nThis will instantly detach the grease from the meat, allowing efficient cleaning.\r\nThe other positive asset of this technique is to reduce this grease with water, to turn it into a delicious sauce. It is quite normal for the grease to stick to the pan, it is one of stainless steel properties.\r\nThis reaction allows the caramelization of the meat, giving it a better taste: it is called the \u201cMaillard\u201d reaction.\r\n\r\n<u>For cooking fragile products, in stainless steel, such as fish.<\/u>\r\nPour olive oil in the frying pan, and place greaseproof paper. Moisten the greaseproof paper with olive oil, and place your piece of fish on top. The fish will cook perfectly and will not stick to the pan.\r\n\r\nMake sure, the heat does not go over 2\/3 of its capacity. The utensils Mauviel 1830 offer great performances and do not require a great deal of heat to reach ideal temperature.\r\nMoreover, it could deteriorate the bottom of the utensil. The flame must not go over the utensil.\r\nThe temperature for cooking is ideal when one pours a drop of water and it bursts into little marbles, jumping about: this reaction is called \u201cLeidenfrost\u201d.\r\n\r\n<strong>Maintenance advice<\/strong>\r\nUse soapy water on the scratch side of a sponge.\r\n\r\n<u>Bringing back the shine to stainless steel<\/u> \r\nDip a sponge in a product called Inobrill, this product was conceived for the cleaning of stainless steel. Scrub the utensil. Rinse with warm water, then dry with a clean cloth.\r\n\r\n<u>Another option<\/u>\r\nGet silver stone from a hardware shop, to clean the utensil. \r\n\r\n<u>Our utensils are compatible with dishwasher, but their use is not recommended.<\/u>\r\nExplanation: The products used in dishwashers, are sometimes, too detergent. They tend to damage the aluminium located between the 2 layers of stainless steel, making the edges of the utensils blunt.\r\nMultiplying the wash in dishwasher could damage your utensil. The corrosion of aluminium could eventually make your utensil, less performing. It is not a fault in fabrication but the use of aggressive products in dishwashers.\r\nNever use bleach. This product can perforate the stainless steel material.\r\n\r\n<iframe loading=\"lazy\" width=\"960\" height=\"540\" src=\"https:\/\/www.youtube.com\/embed\/DCRuYbBzmo4?rel=0\" frameborder=\"0\" allow=\"autoplay; encrypted-media\" allowfullscreen><\/iframe>\r\n","protected":false},"excerpt":{"rendered":"<p>Stainless steel Ranges M\u2019COOK, M\u2019URBAN, M\u2019ELITE, CUISINE MODERNE, M\u2019Minis stainless steel, M\u2019PASSION stainless steel Use recommendation Do not put any salt in cold water, the water must boil, first. It could result in corrosion through pricks. This damages the stainless steel by piercing small holes or resulting in white patches. Concerning stainless steel frying pans &hellip; <a href=\"https:\/\/www.mauviel.com\/en\/recommendations-stainless-steel\/\" class=\"more-link\">Continue reading <span class=\"screen-reader-text\">Recommendations stainless steel<\/span> <span class=\"meta-nav\">&rarr;<\/span><\/a><\/p>\n","protected":false},"author":1,"featured_media":0,"parent":0,"menu_order":0,"comment_status":"closed","ping_status":"closed","template":"","meta":{"footnotes":""},"class_list":["post-7551","page","type-page","status-publish","hentry"],"yoast_head":"<!-- This site is optimized with the Yoast SEO plugin v27.5 - https:\/\/yoast.com\/product\/yoast-seo-wordpress\/ -->\n<title>Recommendations stainless steel - Mauviel 1830<\/title>\n<meta name=\"robots\" content=\"index, follow, max-snippet:-1, max-image-preview:large, max-video-preview:-1\" \/>\n<link rel=\"canonical\" href=\"https:\/\/www.mauviel.com\/en\/recommendations-stainless-steel\/\" \/>\n<meta property=\"og:locale\" content=\"en_US\" \/>\n<meta property=\"og:type\" content=\"article\" \/>\n<meta property=\"og:title\" content=\"Recommendations stainless steel - Mauviel 1830\" \/>\n<meta property=\"og:description\" content=\"Stainless steel Ranges M\u2019COOK, M\u2019URBAN, M\u2019ELITE, CUISINE MODERNE, M\u2019Minis stainless steel, M\u2019PASSION stainless steel Use recommendation Do not put any salt in cold water, the water must boil, first. It could result in corrosion through pricks. This damages the stainless steel by piercing small holes or resulting in white patches. Concerning stainless steel frying pans &hellip; Continue reading Recommendations stainless steel &rarr;\" \/>\n<meta property=\"og:url\" content=\"https:\/\/www.mauviel.com\/en\/recommendations-stainless-steel\/\" \/>\n<meta property=\"og:site_name\" content=\"Mauviel 1830\" \/>\n<meta property=\"article:modified_time\" content=\"2019-01-24T22:13:39+00:00\" \/>\n<meta name=\"twitter:card\" content=\"summary_large_image\" \/>\n<meta name=\"twitter:label1\" content=\"Est. reading time\" \/>\n\t<meta name=\"twitter:data1\" content=\"2 minutes\" \/>\n<script type=\"application\/ld+json\" class=\"yoast-schema-graph\">{\"@context\":\"https:\\\/\\\/schema.org\",\"@graph\":[{\"@type\":\"WebPage\",\"@id\":\"https:\\\/\\\/www.mauviel.com\\\/en\\\/recommendations-stainless-steel\\\/\",\"url\":\"https:\\\/\\\/www.mauviel.com\\\/en\\\/recommendations-stainless-steel\\\/\",\"name\":\"Recommendations stainless steel - Mauviel 1830\",\"isPartOf\":{\"@id\":\"https:\\\/\\\/www.mauviel.com\\\/#website\"},\"datePublished\":\"2018-05-23T19:31:16+00:00\",\"dateModified\":\"2019-01-24T22:13:39+00:00\",\"breadcrumb\":{\"@id\":\"https:\\\/\\\/www.mauviel.com\\\/en\\\/recommendations-stainless-steel\\\/#breadcrumb\"},\"inLanguage\":\"en-US\",\"potentialAction\":[{\"@type\":\"ReadAction\",\"target\":[\"https:\\\/\\\/www.mauviel.com\\\/en\\\/recommendations-stainless-steel\\\/\"]}]},{\"@type\":\"BreadcrumbList\",\"@id\":\"https:\\\/\\\/www.mauviel.com\\\/en\\\/recommendations-stainless-steel\\\/#breadcrumb\",\"itemListElement\":[{\"@type\":\"ListItem\",\"position\":1,\"name\":\"Accueil\",\"item\":\"https:\\\/\\\/www.mauviel.com\\\/en\\\/home\\\/\"},{\"@type\":\"ListItem\",\"position\":2,\"name\":\"Recommendations stainless steel\"}]},{\"@type\":\"WebSite\",\"@id\":\"https:\\\/\\\/www.mauviel.com\\\/#website\",\"url\":\"https:\\\/\\\/www.mauviel.com\\\/\",\"name\":\"Mauviel 1830\",\"description\":\"Mauviel, implant\u00e9e \u00e0 Villedieu-les Po\u00eales depuis plus de 150 ans, fabrique des articles de cuisine destin\u00e9s aux professionnels et aux particuliers\",\"potentialAction\":[{\"@type\":\"SearchAction\",\"target\":{\"@type\":\"EntryPoint\",\"urlTemplate\":\"https:\\\/\\\/www.mauviel.com\\\/?s={search_term_string}\"},\"query-input\":{\"@type\":\"PropertyValueSpecification\",\"valueRequired\":true,\"valueName\":\"search_term_string\"}}],\"inLanguage\":\"en-US\"}]}<\/script>\n<!-- \/ Yoast SEO plugin. -->","yoast_head_json":{"title":"Recommendations stainless steel - Mauviel 1830","robots":{"index":"index","follow":"follow","max-snippet":"max-snippet:-1","max-image-preview":"max-image-preview:large","max-video-preview":"max-video-preview:-1"},"canonical":"https:\/\/www.mauviel.com\/en\/recommendations-stainless-steel\/","og_locale":"en_US","og_type":"article","og_title":"Recommendations stainless steel - Mauviel 1830","og_description":"Stainless steel Ranges M\u2019COOK, M\u2019URBAN, M\u2019ELITE, CUISINE MODERNE, M\u2019Minis stainless steel, M\u2019PASSION stainless steel Use recommendation Do not put any salt in cold water, the water must boil, first. It could result in corrosion through pricks. This damages the stainless steel by piercing small holes or resulting in white patches. Concerning stainless steel frying pans &hellip; Continue reading Recommendations stainless steel &rarr;","og_url":"https:\/\/www.mauviel.com\/en\/recommendations-stainless-steel\/","og_site_name":"Mauviel 1830","article_modified_time":"2019-01-24T22:13:39+00:00","twitter_card":"summary_large_image","twitter_misc":{"Est. reading time":"2 minutes"},"schema":{"@context":"https:\/\/schema.org","@graph":[{"@type":"WebPage","@id":"https:\/\/www.mauviel.com\/en\/recommendations-stainless-steel\/","url":"https:\/\/www.mauviel.com\/en\/recommendations-stainless-steel\/","name":"Recommendations stainless steel - Mauviel 1830","isPartOf":{"@id":"https:\/\/www.mauviel.com\/#website"},"datePublished":"2018-05-23T19:31:16+00:00","dateModified":"2019-01-24T22:13:39+00:00","breadcrumb":{"@id":"https:\/\/www.mauviel.com\/en\/recommendations-stainless-steel\/#breadcrumb"},"inLanguage":"en-US","potentialAction":[{"@type":"ReadAction","target":["https:\/\/www.mauviel.com\/en\/recommendations-stainless-steel\/"]}]},{"@type":"BreadcrumbList","@id":"https:\/\/www.mauviel.com\/en\/recommendations-stainless-steel\/#breadcrumb","itemListElement":[{"@type":"ListItem","position":1,"name":"Accueil","item":"https:\/\/www.mauviel.com\/en\/home\/"},{"@type":"ListItem","position":2,"name":"Recommendations stainless steel"}]},{"@type":"WebSite","@id":"https:\/\/www.mauviel.com\/#website","url":"https:\/\/www.mauviel.com\/","name":"Mauviel 1830","description":"Mauviel, implant\u00e9e \u00e0 Villedieu-les Po\u00eales depuis plus de 150 ans, fabrique des articles de cuisine destin\u00e9s aux professionnels et aux particuliers","potentialAction":[{"@type":"SearchAction","target":{"@type":"EntryPoint","urlTemplate":"https:\/\/www.mauviel.com\/?s={search_term_string}"},"query-input":{"@type":"PropertyValueSpecification","valueRequired":true,"valueName":"search_term_string"}}],"inLanguage":"en-US"}]}},"_links":{"self":[{"href":"https:\/\/www.mauviel.com\/en\/wp-json\/wp\/v2\/pages\/7551","targetHints":{"allow":["GET"]}}],"collection":[{"href":"https:\/\/www.mauviel.com\/en\/wp-json\/wp\/v2\/pages"}],"about":[{"href":"https:\/\/www.mauviel.com\/en\/wp-json\/wp\/v2\/types\/page"}],"author":[{"embeddable":true,"href":"https:\/\/www.mauviel.com\/en\/wp-json\/wp\/v2\/users\/1"}],"replies":[{"embeddable":true,"href":"https:\/\/www.mauviel.com\/en\/wp-json\/wp\/v2\/comments?post=7551"}],"version-history":[{"count":0,"href":"https:\/\/www.mauviel.com\/en\/wp-json\/wp\/v2\/pages\/7551\/revisions"}],"wp:attachment":[{"href":"https:\/\/www.mauviel.com\/en\/wp-json\/wp\/v2\/media?parent=7551"}],"curies":[{"name":"wp","href":"https:\/\/api.w.org\/{rel}","templated":true}]}}