{"id":7545,"date":"2018-05-23T21:14:26","date_gmt":"2018-05-23T19:14:26","guid":{"rendered":"http:\/\/www.mauviel.com\/?page_id=7545"},"modified":"2018-05-25T20:50:27","modified_gmt":"2018-05-25T18:50:27","slug":"pleasure-and-functions","status":"publish","type":"page","link":"https:\/\/www.mauviel.com\/en\/pleasure-and-functions\/","title":{"rendered":"Pleasure and functions"},"content":{"rendered":"<h2>Pleasure and functions<\/h2>\r\n<p>Mauviel 1830 offers ranges for all. All the materials, all the shapes and forms are created in the tradition of the company, with the will to offer each one the right utensil for the right use.<\/p>\r\n<p>These icons Mauviel 1830, represent the essence of the make, this is why it is important,  that understanding the use of each utensil is understanding why Mauviel 1830, today, offers so many designs and so many references: each tool has its own use.<\/p>\r\n<p>Pick yours \u2026<\/p>\r\n<div class=\"full outils\">\r\n\t<div class=\"mid\">\r\n\t\t<img loading=\"lazy\" decoding=\"async\" src=\"https:\/\/www.mauviel.com\/file\/2017\/10\/bon_usage_cocotte.jpg\" alt=\"\" width=\"480\" height=\"280\" class=\"aligncenter size-full wp-image-6834\" \/>\r\n\t<\/div>\r\n\t<div class=\"mid txt bassine_a_ragout\">\r\n\t\t<h3>The stewing pot, called \u201ccocotte\u201d<\/h3>\r\n\t\t<p>Tall and cylindric, like a stewing pot. \u201cIt enables the impurities, to come up to the surface, and the juices to clarify, all along the cooking process. The handles make handiness easy [\u2026.] <\/p>\r\n<p>A space of a couple of inches between the sides of the pot, and the ingredients is recommended, to avoid dryness of the latter, or dilute their flavors.<\/p>\r\n\t<\/div>\r\n<\/div>\r\n<div class=\"full outils\">\r\n\t<div class=\"mid right\">\r\n\t\t<img loading=\"lazy\" decoding=\"async\" src=\"https:\/\/www.mauviel.com\/file\/2017\/10\/bon_usage_casserole.jpg\" alt=\"\" width=\"480\" height=\"300\" class=\"aligncenter size-full wp-image-6833\" \/>\r\n\t<\/div>\r\n\t<div class=\"mid txt casserole\">\r\n\t\t<h3>The casserole<\/h3>\r\n\t\t<p>Its cylindric shape is perfect for the elaboration of sauces, \u201cpot au feu\u201d and stews, permitting the coming up to the surface, and so the preparation for clarifying, explains top Chef Yannick All\u00e9no. <\/p>\r\n<p>For the making of a sauce, the use of pans, getting smaller and smaller in sizes, enables this clarifying technique. Using all its diameter, is compulsory.<\/p>\r\n\t<\/div>\r\n<\/div>\r\n<div class=\"full outils\">\r\n\t<div class=\"mid \">\r\n\t\t<img loading=\"lazy\" decoding=\"async\" src=\"https:\/\/www.mauviel.com\/file\/2017\/10\/bon_usage_poele.jpg\" alt=\"\" width=\"480\" height=\"260\" class=\"aligncenter size-full wp-image-6838\" \/>\r\n\t<\/div>\r\n\t<div class=\"mid txt poele\">\r\n\t\t<h3>The frying pan<\/h3>\r\n\t\t<p>\u201cThe opening out of the rims, of the frying pan facilitates the task for the cook, whom is constantly moving ingredients around, using his wrist.\r\nImpossible to proceed in the same manner, when using a shallow fry pan: we fry better with a frying pan.\u201d<\/p>\r\n<p>On the condition to use the diameter of the frying pan. A space of a few inches is recommended between the sides and the ingredients to cook, to avoid their drying out, or dilute their flavors, according to Yannick Alll\u00e9no. Stainless steel fits in with daily cooking, as well as retaining the juices, useful for deglazing\u201d.<\/p>\r\n\t<\/div>\r\n<\/div>\r\n<div class=\"full outils\">\r\n\t<div class=\"mid right\">\r\n\t\t<img loading=\"lazy\" decoding=\"async\" src=\"https:\/\/www.mauviel.com\/file\/2017\/08\/bon_usage_plat_a_sauter.jpg\" alt=\"\" width=\"480\" height=\"240\" class=\"aligncenter size-full wp-image-6841\" \/>\r\n\t<\/div>\r\n\t<div class=\"mid txt plat_a_sauter\">\r\n\t\t<h3>The shallow frying pan<\/h3>\r\n\t\t<p>\u201cIts use corresponds to a specific action in cooking, as follows: the coloration of a preparation chopped in small morsels, addition of aromatic vegetables, then slow cooking.\u201d Recourse to a lid, is up to the user. \u201cAn enclosed container guaranties low evaporation.\u201d<\/p>\r\n<p>Hence, it is only at the end of the cooking process, that the preparation comes to light, and reveals its full flavors.<\/p>\r\n\t<\/div>\r\n<\/div>","protected":false},"excerpt":{"rendered":"<p>Pleasure and functions Mauviel 1830 offers ranges for all. All the materials, all the shapes and forms are created in the tradition of the company, with the will to offer each one the right utensil for the right use. These icons Mauviel 1830, represent the essence of the make, this is why it is important, &hellip; <a href=\"https:\/\/www.mauviel.com\/en\/pleasure-and-functions\/\" class=\"more-link\">Continue reading <span class=\"screen-reader-text\">Pleasure and functions<\/span> <span class=\"meta-nav\">&rarr;<\/span><\/a><\/p>\n","protected":false},"author":1,"featured_media":0,"parent":0,"menu_order":0,"comment_status":"closed","ping_status":"closed","template":"","meta":{"footnotes":""},"class_list":["post-7545","page","type-page","status-publish","hentry"],"yoast_head":"<!-- This site is optimized with the Yoast SEO plugin v27.4 - https:\/\/yoast.com\/product\/yoast-seo-wordpress\/ -->\n<title>Pleasure and functions - Mauviel 1830<\/title>\n<meta name=\"robots\" content=\"index, follow, max-snippet:-1, max-image-preview:large, max-video-preview:-1\" \/>\n<link rel=\"canonical\" href=\"https:\/\/www.mauviel.com\/en\/pleasure-and-functions\/\" \/>\n<meta property=\"og:locale\" content=\"en_US\" \/>\n<meta property=\"og:type\" content=\"article\" \/>\n<meta property=\"og:title\" content=\"Pleasure and functions - Mauviel 1830\" \/>\n<meta property=\"og:description\" content=\"Pleasure and functions Mauviel 1830 offers ranges for all. All the materials, all the shapes and forms are created in the tradition of the company, with the will to offer each one the right utensil for the right use. These icons Mauviel 1830, represent the essence of the make, this is why it is important, &hellip; Continue reading Pleasure and functions &rarr;\" \/>\n<meta property=\"og:url\" content=\"https:\/\/www.mauviel.com\/en\/pleasure-and-functions\/\" \/>\n<meta property=\"og:site_name\" content=\"Mauviel 1830\" \/>\n<meta property=\"article:modified_time\" content=\"2018-05-25T18:50:27+00:00\" \/>\n<meta property=\"og:image\" content=\"https:\/\/www.mauviel.com\/file\/2017\/10\/bon_usage_cocotte.jpg\" \/>\n<meta name=\"twitter:card\" content=\"summary_large_image\" \/>\n<meta name=\"twitter:label1\" content=\"Est. reading time\" \/>\n\t<meta name=\"twitter:data1\" content=\"2 minutes\" \/>\n<script type=\"application\/ld+json\" class=\"yoast-schema-graph\">{\"@context\":\"https:\\\/\\\/schema.org\",\"@graph\":[{\"@type\":\"WebPage\",\"@id\":\"https:\\\/\\\/www.mauviel.com\\\/en\\\/pleasure-and-functions\\\/\",\"url\":\"https:\\\/\\\/www.mauviel.com\\\/en\\\/pleasure-and-functions\\\/\",\"name\":\"Pleasure and functions - Mauviel 1830\",\"isPartOf\":{\"@id\":\"https:\\\/\\\/www.mauviel.com\\\/#website\"},\"primaryImageOfPage\":{\"@id\":\"https:\\\/\\\/www.mauviel.com\\\/en\\\/pleasure-and-functions\\\/#primaryimage\"},\"image\":{\"@id\":\"https:\\\/\\\/www.mauviel.com\\\/en\\\/pleasure-and-functions\\\/#primaryimage\"},\"thumbnailUrl\":\"https:\\\/\\\/www.mauviel.com\\\/inc\\\/uploads\\\/2017\\\/10\\\/bon_usage_cocotte.jpg\",\"datePublished\":\"2018-05-23T19:14:26+00:00\",\"dateModified\":\"2018-05-25T18:50:27+00:00\",\"breadcrumb\":{\"@id\":\"https:\\\/\\\/www.mauviel.com\\\/en\\\/pleasure-and-functions\\\/#breadcrumb\"},\"inLanguage\":\"en-US\",\"potentialAction\":[{\"@type\":\"ReadAction\",\"target\":[\"https:\\\/\\\/www.mauviel.com\\\/en\\\/pleasure-and-functions\\\/\"]}]},{\"@type\":\"ImageObject\",\"inLanguage\":\"en-US\",\"@id\":\"https:\\\/\\\/www.mauviel.com\\\/en\\\/pleasure-and-functions\\\/#primaryimage\",\"url\":\"https:\\\/\\\/www.mauviel.com\\\/inc\\\/uploads\\\/2017\\\/10\\\/bon_usage_cocotte.jpg\",\"contentUrl\":\"https:\\\/\\\/www.mauviel.com\\\/inc\\\/uploads\\\/2017\\\/10\\\/bon_usage_cocotte.jpg\"},{\"@type\":\"BreadcrumbList\",\"@id\":\"https:\\\/\\\/www.mauviel.com\\\/en\\\/pleasure-and-functions\\\/#breadcrumb\",\"itemListElement\":[{\"@type\":\"ListItem\",\"position\":1,\"name\":\"Accueil\",\"item\":\"https:\\\/\\\/www.mauviel.com\\\/en\\\/home\\\/\"},{\"@type\":\"ListItem\",\"position\":2,\"name\":\"Pleasure and functions\"}]},{\"@type\":\"WebSite\",\"@id\":\"https:\\\/\\\/www.mauviel.com\\\/#website\",\"url\":\"https:\\\/\\\/www.mauviel.com\\\/\",\"name\":\"Mauviel 1830\",\"description\":\"Mauviel, implant\u00e9e \u00e0 Villedieu-les Po\u00eales depuis plus de 150 ans, fabrique des articles de cuisine destin\u00e9s aux professionnels et aux particuliers\",\"potentialAction\":[{\"@type\":\"SearchAction\",\"target\":{\"@type\":\"EntryPoint\",\"urlTemplate\":\"https:\\\/\\\/www.mauviel.com\\\/?s={search_term_string}\"},\"query-input\":{\"@type\":\"PropertyValueSpecification\",\"valueRequired\":true,\"valueName\":\"search_term_string\"}}],\"inLanguage\":\"en-US\"}]}<\/script>\n<!-- \/ Yoast SEO plugin. -->","yoast_head_json":{"title":"Pleasure and functions - Mauviel 1830","robots":{"index":"index","follow":"follow","max-snippet":"max-snippet:-1","max-image-preview":"max-image-preview:large","max-video-preview":"max-video-preview:-1"},"canonical":"https:\/\/www.mauviel.com\/en\/pleasure-and-functions\/","og_locale":"en_US","og_type":"article","og_title":"Pleasure and functions - Mauviel 1830","og_description":"Pleasure and functions Mauviel 1830 offers ranges for all. All the materials, all the shapes and forms are created in the tradition of the company, with the will to offer each one the right utensil for the right use. These icons Mauviel 1830, represent the essence of the make, this is why it is important, &hellip; Continue reading Pleasure and functions &rarr;","og_url":"https:\/\/www.mauviel.com\/en\/pleasure-and-functions\/","og_site_name":"Mauviel 1830","article_modified_time":"2018-05-25T18:50:27+00:00","og_image":[{"url":"https:\/\/www.mauviel.com\/file\/2017\/10\/bon_usage_cocotte.jpg","type":"","width":"","height":""}],"twitter_card":"summary_large_image","twitter_misc":{"Est. reading time":"2 minutes"},"schema":{"@context":"https:\/\/schema.org","@graph":[{"@type":"WebPage","@id":"https:\/\/www.mauviel.com\/en\/pleasure-and-functions\/","url":"https:\/\/www.mauviel.com\/en\/pleasure-and-functions\/","name":"Pleasure and functions - Mauviel 1830","isPartOf":{"@id":"https:\/\/www.mauviel.com\/#website"},"primaryImageOfPage":{"@id":"https:\/\/www.mauviel.com\/en\/pleasure-and-functions\/#primaryimage"},"image":{"@id":"https:\/\/www.mauviel.com\/en\/pleasure-and-functions\/#primaryimage"},"thumbnailUrl":"https:\/\/www.mauviel.com\/file\/2017\/10\/bon_usage_cocotte.jpg","datePublished":"2018-05-23T19:14:26+00:00","dateModified":"2018-05-25T18:50:27+00:00","breadcrumb":{"@id":"https:\/\/www.mauviel.com\/en\/pleasure-and-functions\/#breadcrumb"},"inLanguage":"en-US","potentialAction":[{"@type":"ReadAction","target":["https:\/\/www.mauviel.com\/en\/pleasure-and-functions\/"]}]},{"@type":"ImageObject","inLanguage":"en-US","@id":"https:\/\/www.mauviel.com\/en\/pleasure-and-functions\/#primaryimage","url":"https:\/\/www.mauviel.com\/file\/2017\/10\/bon_usage_cocotte.jpg","contentUrl":"https:\/\/www.mauviel.com\/file\/2017\/10\/bon_usage_cocotte.jpg"},{"@type":"BreadcrumbList","@id":"https:\/\/www.mauviel.com\/en\/pleasure-and-functions\/#breadcrumb","itemListElement":[{"@type":"ListItem","position":1,"name":"Accueil","item":"https:\/\/www.mauviel.com\/en\/home\/"},{"@type":"ListItem","position":2,"name":"Pleasure and functions"}]},{"@type":"WebSite","@id":"https:\/\/www.mauviel.com\/#website","url":"https:\/\/www.mauviel.com\/","name":"Mauviel 1830","description":"Mauviel, implant\u00e9e \u00e0 Villedieu-les Po\u00eales depuis plus de 150 ans, fabrique des articles de cuisine destin\u00e9s aux professionnels et aux particuliers","potentialAction":[{"@type":"SearchAction","target":{"@type":"EntryPoint","urlTemplate":"https:\/\/www.mauviel.com\/?s={search_term_string}"},"query-input":{"@type":"PropertyValueSpecification","valueRequired":true,"valueName":"search_term_string"}}],"inLanguage":"en-US"}]}},"_links":{"self":[{"href":"https:\/\/www.mauviel.com\/en\/wp-json\/wp\/v2\/pages\/7545","targetHints":{"allow":["GET"]}}],"collection":[{"href":"https:\/\/www.mauviel.com\/en\/wp-json\/wp\/v2\/pages"}],"about":[{"href":"https:\/\/www.mauviel.com\/en\/wp-json\/wp\/v2\/types\/page"}],"author":[{"embeddable":true,"href":"https:\/\/www.mauviel.com\/en\/wp-json\/wp\/v2\/users\/1"}],"replies":[{"embeddable":true,"href":"https:\/\/www.mauviel.com\/en\/wp-json\/wp\/v2\/comments?post=7545"}],"version-history":[{"count":0,"href":"https:\/\/www.mauviel.com\/en\/wp-json\/wp\/v2\/pages\/7545\/revisions"}],"wp:attachment":[{"href":"https:\/\/www.mauviel.com\/en\/wp-json\/wp\/v2\/media?parent=7545"}],"curies":[{"name":"wp","href":"https:\/\/api.w.org\/{rel}","templated":true}]}}