{"id":7536,"date":"2018-05-23T18:47:46","date_gmt":"2018-05-23T16:47:46","guid":{"rendered":"http:\/\/www.mauviel.com\/?page_id=7536"},"modified":"2018-05-23T18:50:51","modified_gmt":"2018-05-23T16:50:51","slug":"exclusivity","status":"publish","type":"page","link":"https:\/\/www.mauviel.com\/en\/exclusivity\/","title":{"rendered":"Exclusivity"},"content":{"rendered":"<div class=\"full\">\r\n\t<div class=\"mid exc\"> \r\n\t\t<a href=\"https:\/\/www.mauviel.com\/file\/2017\/12\/surmesure01.jpg\" title=\"La collection Cuisine Moderne de Yannick All\u00e9no - Con\u00e7ue par Mauviel 1830 et le Chef\"><img loading=\"lazy\" decoding=\"async\" src=\"https:\/\/www.mauviel.com\/file\/2017\/12\/surmesure01th.jpg\"  alt=\"\" width=\"300\" height=\"250\" class=\"alignnone size-full wp-image-7158\" \/><\/a><a href=\"https:\/\/www.mauviel.com\/file\/2017\/12\/surmesure02.jpg\" title=\"Le caquelon \u00e0 fondue de Jean-Fran\u00e7ois Pi\u00e8ge - Design\u00e9 pour le Chef par REV, con\u00e7u par Mauviel 1830\"><img loading=\"lazy\" decoding=\"async\" src=\"https:\/\/www.mauviel.com\/file\/2017\/12\/surmesure02th.jpg\" alt=\"\" width=\"300\" height=\"250\" class=\"alignnone size-full wp-image-7159\" \/><\/a><a href=\"https:\/\/www.mauviel.com\/file\/2017\/12\/surmesure03.jpg\" title=\"La bassine \u00e0 confiture g\u00e9ante de La Grande \u00c9picerie Rive Droite - Mod\u00e8le unique d\u20191m30 de diam\u00e8tre con\u00e7u par Mauviel 1830\"><img loading=\"lazy\" decoding=\"async\" src=\"https:\/\/www.mauviel.com\/file\/2017\/12\/surmesure03th.jpg\" alt=\"\" width=\"300\" height=\"250\" class=\"alignnone size-full wp-image-7160\" \/><\/a><a href=\"https:\/\/www.mauviel.com\/file\/2017\/12\/surmesure04.jpg\" title=\"Plateau s\u00e9lections Bocuse d\u2019Or France 2017 - Design\u00e9 par Fran\u00e7ois Delclaux, con\u00e7u par Mauviel 1830\"><img loading=\"lazy\" decoding=\"async\" src=\"https:\/\/www.mauviel.com\/file\/2017\/12\/surmesure04th.jpg\" alt=\"\" width=\"300\" height=\"250\" class=\"alignnone size-full wp-image-7161\" \/><\/a><a href=\"https:\/\/www.mauviel.com\/file\/2017\/12\/surmesure05.jpg\" title=\"Prix Mauviel 1830 du Meilleur Directeur de Salle au Monde - Design\u00e9 par Fran\u00e7ois Delclaux con\u00e7u par Mauviel 1830 pour Les Grandes Tables du Monde\"><img loading=\"lazy\" decoding=\"async\" src=\"https:\/\/www.mauviel.com\/file\/2017\/12\/surmesure05th.jpg\" alt=\"\" width=\"300\" height=\"250\" class=\"alignnone size-full wp-image-7162\" \/><\/a><a href=\"https:\/\/www.mauviel.com\/file\/2017\/12\/surmesure06.jpg\" title=\"Le plat \u00e0 canard de Jean-Fran\u00e7ois Pi\u00e8ge - Design\u00e9 pour le Chef par REV, con\u00e7u par Mauviel 1830\"><img loading=\"lazy\" decoding=\"async\" src=\"https:\/\/www.mauviel.com\/file\/2017\/12\/surmesure06th.jpg\" alt=\"\" width=\"300\" height=\"250\" class=\"alignnone size-full wp-image-7163\" \/><\/a>\r\n\t<\/div>\r\n\t<div class=\"mid\"> \r\n\t\t<div class=\"desc\"> <h2>Products made to measure<\/h2> \r\n\t\t\t<div class=\"description\"> <p> Because everyone organizes their kitchen differently, from the creation of dishes to the utensils used, the team Mauviel 1830 has invested all its know-how, to \u201ccooking\u201d, not only for the professionals but also, the lovers of tastes and flavors.<\/p>\r\n\t\t\t\t<p>The unique manufacture in the world to use so many different materials, so many shapes and forms, and settings, the shaping Mauviel 1830 is the expression of cooking for the future with an undetermined attention to quality, seal of family tradition, and heritage from its peers.<\/p>\r\n\t\t\t\t<p>Because gastronomy imposes specific rules and regulations, because each chef evokes novelties in cooking differently, presenting differently, and progress towards new ways of eating the product, Val\u00e9rie Le Guern Gilbert, has opted to follow her famous partners and bet on the future: present new utensils, adapted and redesigned to answer the envies of the moment.<\/p>\r\n\t\t\t\t<p>So that the transition between the past and the future, be fully coherent, the manufacture Mauviel 1830, invests all its centennial know-how to actual requirements.<\/p>\r\n\t\t\t\t<p>Always ahead of its time, modernity according to Mauviel 1830.<\/p> \r\n\t\t\t<\/div>  \r\n\t\t<\/div>\r\n\t<\/div>\r\n<\/div>\r\n<div class=\"clear\"><\/div>\r\n\r\n<div class=\"full\">\r\n\t<div class=\"mid exc right\">\r\n\t\t<a href=\"https:\/\/www.mauviel.com\/file\/2017\/12\/ecal01.jpg\" title=\"Cuit vapeur Clarisse Mordret - Ce cuit vapeur est constitu\u00e9 d\u2019une base en cuivre \u00e9tam\u00e9 sur laquelle vient se poser un panier perc\u00e9 en inox. La base est marqu\u00e9e d\u2019une rainure indiquant le niveau n\u00e9cessaire \u00e0 la cuisson d\u2019un panier complet de l\u00e9gumes. \"><img loading=\"lazy\" decoding=\"async\" src=\"https:\/\/www.mauviel.com\/file\/2017\/12\/ecal01th2.jpg\" alt=\"\" width=\"258\" height=\"298\" class=\"alignnone size-full wp-image-7196\" \/><\/a><a href=\"https:\/\/www.mauviel.com\/file\/2017\/12\/ecal02.jpg\" title=\"Po\u00eale Marais-salants Martin Bolo -Inspir\u00e9e des paysages d\u2019exploitations salines, cette po\u00eale a subi un embossage excentr\u00e9 qui cr\u00e9e deux volumes compartiment\u00e9s.\"><img loading=\"lazy\" decoding=\"async\" src=\"https:\/\/www.mauviel.com\/file\/2017\/12\/ecal02th2.jpg\" alt=\"\" width=\"258\" height=\"298\" class=\"alignnone size-full wp-image-7197\" \/><\/a><a href=\"https:\/\/www.mauviel.com\/file\/2017\/12\/ecal03.jpg\" title=\"Smoker Jenna Kaes - La cuisson par fumage permet d\u2019explorer des combinaisons de saveurs cr\u00e9atives \u00e0 partir de mets tr\u00e8s simples. Ce fumoir d\u2019int\u00e9rieur rend possible la technique du fumage des aliments dans la cuisine.\"><img loading=\"lazy\" decoding=\"async\" src=\"https:\/\/www.mauviel.com\/file\/2017\/12\/ecal03th2.jpg\" alt=\"\" width=\"258\" height=\"298\" class=\"alignnone size-full wp-image-7198\" \/><\/a><a href=\"https:\/\/www.mauviel.com\/file\/2017\/12\/ecal04.jpg\" title=\"Mesureur Renaud Meunier - Ce mesureur pr\u00e9sente une graduation r\u00e9alis\u00e9e par embossage de mani\u00e8re \u00e0 la rendre lisible tant \u00e0 l\u2019ext\u00e9rieur qu\u2019\u00e0 l\u2019int\u00e9rieur du r\u00e9cipient. \"><img loading=\"lazy\" decoding=\"async\" src=\"https:\/\/www.mauviel.com\/file\/2017\/12\/ecal04th2.jpg\" alt=\"\" width=\"258\" height=\"298\" class=\"alignnone size-full wp-image-7199\" \/><\/a>\r\n\t<\/div>\r\n\t<div class=\"mid\"> \r\n\t\t<div class=\"desc\">\r\n\t\t\t<h2>Innovating products<\/h2>\r\n\t\t\t<p>Mauviel 1830 is the only manufacture of cooking utensils in the world, able to work so many materials. <\/p>\r\n\t\t\t<p>This know-how has helped us, to win all the challenges, to create personalized products, to adapt to all the needs and to come up with new ideas.\r\n\t\t\tRenew the shapes, conceive utensils which can be used in the kitchen and on the dining-table with innovations straight from the future.\r\nWhat product, what shape, what material, what setting for what use.\r\nAll these questions have one name: passion.\r\n<\/p>\r\n\t\t\t<p>Passion for know-how, passion for the safeguard of a gastronomic heritage, and the transmission from one generation to the next, turning to the young and to the International market.<\/p>\r\n\t\t\t<p>Passion to bridge, history and vision of the future, between know-how and design. ECAL\/ Regional Art school in Lausanne, with its Master in Advanced Studies in Design for Luxury &#038; Craftmanship, its students from multiple nationalities and Mauviel 1830, decided to work together, this collaboration was born under the influence of the Chef Yannick All\u00e9no and the designer Fran\u00e7ois Delclaux.<\/p>\r\n\t\t\t<p>It was an amazing experience.<\/p>\r\n\t\t\t<p><em>Val\u00e9rie Le Guern Gilbert, President Mauviel 1830.<\/em><\/p>\r\n\t\t<\/div>\r\n\t<\/div>\r\n<\/div>\r\n<div class=\"clear\"><\/div>\r\n\r\n<div class=\"full\">\r\n\t<div class=\"mid\">\r\n\t\t<div class=\"cycle-slideshow\">\r\n\t\t\t<img loading=\"lazy\" decoding=\"async\" src=\"https:\/\/www.mauviel.com\/file\/2017\/07\/signes.jpg\" alt=\"\" width=\"516\" height=\"595\" class=\"alignnone size-full wp-image-6880\" \/><img loading=\"lazy\" decoding=\"async\" src=\"https:\/\/www.mauviel.com\/file\/2017\/07\/personnalises.jpg\" alt=\"\" width=\"516\" height=\"595\" class=\"alignnone size-full wp-image-6882\" \/><img loading=\"lazy\" decoding=\"async\" src=\"https:\/\/www.mauviel.com\/file\/2017\/12\/poincons.jpg\" alt=\"\" width=\"516\" height=\"595\" class=\"alignnone size-full wp-image-7183\" \/>\r\n\t\t<\/div>\r\n\t<\/div>\r\n\t<div class=\"mid\"> \r\n\t\t<div class=\"desc\">\r\n\t\t\t<h2>Hallmarked products<\/h2>\r\n\t\t\t<p>In a world, globalized, standardized where lines are traced in advance and where uniformity has become the reference, Mauviel 1830 stands out to make the difference.<\/p>\r\n\t\t\t<p>Each utensil, may be engraved to each individual taste: initials, year, place \u2026\u2026The annotation, that makes the difference, gives a meaning to the utensil. An individual meaning according to the person\u2019s choice, the pride to own their own culinary creative utensil, the will to acquire not just a cooking utensil but a piece of exception, in the use of a personal and precious tool, hence participating to the joy to cook, to share and to create.<\/p>\r\n\t\t\t<p>The utensil Mauviel 1830 moves into your home and yourself, you enter the manufacture Mauviel 1830, the family grows and you participate to the performance always improving, of the tools Mauviel 1830.<\/p>\r\n\t\t\t<p><strong>Welcome Home.<\/strong><\/p>\r\n\t\t<\/div>\r\n\t<\/div>\r\n<\/div>\r\n<div class=\"clear\"><\/div>","protected":false},"excerpt":{"rendered":"<p>Products made to measure Because everyone organizes their kitchen differently, from the creation of dishes to the utensils used, the team Mauviel 1830 has invested all its know-how, to \u201ccooking\u201d, not only for the professionals but also, the lovers of tastes and flavors. The unique manufacture in the world to use so many different materials, &hellip; <a href=\"https:\/\/www.mauviel.com\/en\/exclusivity\/\" class=\"more-link\">Continue reading <span class=\"screen-reader-text\">Exclusivity<\/span> <span class=\"meta-nav\">&rarr;<\/span><\/a><\/p>\n","protected":false},"author":1,"featured_media":0,"parent":0,"menu_order":0,"comment_status":"closed","ping_status":"closed","template":"","meta":{"footnotes":""},"class_list":["post-7536","page","type-page","status-publish","hentry"],"yoast_head":"<!-- This site is optimized with the Yoast SEO plugin v27.5 - https:\/\/yoast.com\/product\/yoast-seo-wordpress\/ -->\n<title>Exclusivity - Mauviel 1830<\/title>\n<meta name=\"robots\" content=\"index, follow, max-snippet:-1, max-image-preview:large, max-video-preview:-1\" \/>\n<link rel=\"canonical\" href=\"https:\/\/www.mauviel.com\/en\/exclusivity\/\" \/>\n<meta property=\"og:locale\" content=\"en_US\" \/>\n<meta property=\"og:type\" content=\"article\" \/>\n<meta property=\"og:title\" content=\"Exclusivity - Mauviel 1830\" \/>\n<meta property=\"og:description\" content=\"Products made to measure Because everyone organizes their kitchen differently, from the creation of dishes to the utensils used, the team Mauviel 1830 has invested all its know-how, to \u201ccooking\u201d, not only for the professionals but also, the lovers of tastes and flavors. The unique manufacture in the world to use so many different materials, &hellip; Continue reading Exclusivity &rarr;\" \/>\n<meta property=\"og:url\" content=\"https:\/\/www.mauviel.com\/en\/exclusivity\/\" \/>\n<meta property=\"og:site_name\" content=\"Mauviel 1830\" \/>\n<meta property=\"article:modified_time\" content=\"2018-05-23T16:50:51+00:00\" \/>\n<meta property=\"og:image\" content=\"https:\/\/www.mauviel.com\/file\/2017\/12\/surmesure01th.jpg\" \/>\n<meta name=\"twitter:card\" content=\"summary_large_image\" \/>\n<meta name=\"twitter:label1\" content=\"Est. reading time\" \/>\n\t<meta name=\"twitter:data1\" content=\"2 minutes\" \/>\n<script type=\"application\/ld+json\" class=\"yoast-schema-graph\">{\"@context\":\"https:\\\/\\\/schema.org\",\"@graph\":[{\"@type\":\"WebPage\",\"@id\":\"https:\\\/\\\/www.mauviel.com\\\/en\\\/exclusivity\\\/\",\"url\":\"https:\\\/\\\/www.mauviel.com\\\/en\\\/exclusivity\\\/\",\"name\":\"Exclusivity - Mauviel 1830\",\"isPartOf\":{\"@id\":\"https:\\\/\\\/www.mauviel.com\\\/#website\"},\"primaryImageOfPage\":{\"@id\":\"https:\\\/\\\/www.mauviel.com\\\/en\\\/exclusivity\\\/#primaryimage\"},\"image\":{\"@id\":\"https:\\\/\\\/www.mauviel.com\\\/en\\\/exclusivity\\\/#primaryimage\"},\"thumbnailUrl\":\"https:\\\/\\\/www.mauviel.com\\\/inc\\\/uploads\\\/2017\\\/12\\\/surmesure01th.jpg\",\"datePublished\":\"2018-05-23T16:47:46+00:00\",\"dateModified\":\"2018-05-23T16:50:51+00:00\",\"breadcrumb\":{\"@id\":\"https:\\\/\\\/www.mauviel.com\\\/en\\\/exclusivity\\\/#breadcrumb\"},\"inLanguage\":\"en-US\",\"potentialAction\":[{\"@type\":\"ReadAction\",\"target\":[\"https:\\\/\\\/www.mauviel.com\\\/en\\\/exclusivity\\\/\"]}]},{\"@type\":\"ImageObject\",\"inLanguage\":\"en-US\",\"@id\":\"https:\\\/\\\/www.mauviel.com\\\/en\\\/exclusivity\\\/#primaryimage\",\"url\":\"https:\\\/\\\/www.mauviel.com\\\/inc\\\/uploads\\\/2017\\\/12\\\/surmesure01th.jpg\",\"contentUrl\":\"https:\\\/\\\/www.mauviel.com\\\/inc\\\/uploads\\\/2017\\\/12\\\/surmesure01th.jpg\"},{\"@type\":\"BreadcrumbList\",\"@id\":\"https:\\\/\\\/www.mauviel.com\\\/en\\\/exclusivity\\\/#breadcrumb\",\"itemListElement\":[{\"@type\":\"ListItem\",\"position\":1,\"name\":\"Accueil\",\"item\":\"https:\\\/\\\/www.mauviel.com\\\/en\\\/home\\\/\"},{\"@type\":\"ListItem\",\"position\":2,\"name\":\"Exclusivity\"}]},{\"@type\":\"WebSite\",\"@id\":\"https:\\\/\\\/www.mauviel.com\\\/#website\",\"url\":\"https:\\\/\\\/www.mauviel.com\\\/\",\"name\":\"Mauviel 1830\",\"description\":\"Mauviel, implant\u00e9e \u00e0 Villedieu-les Po\u00eales depuis plus de 150 ans, fabrique des articles de cuisine destin\u00e9s aux professionnels et aux particuliers\",\"potentialAction\":[{\"@type\":\"SearchAction\",\"target\":{\"@type\":\"EntryPoint\",\"urlTemplate\":\"https:\\\/\\\/www.mauviel.com\\\/?s={search_term_string}\"},\"query-input\":{\"@type\":\"PropertyValueSpecification\",\"valueRequired\":true,\"valueName\":\"search_term_string\"}}],\"inLanguage\":\"en-US\"}]}<\/script>\n<!-- \/ Yoast SEO plugin. -->","yoast_head_json":{"title":"Exclusivity - Mauviel 1830","robots":{"index":"index","follow":"follow","max-snippet":"max-snippet:-1","max-image-preview":"max-image-preview:large","max-video-preview":"max-video-preview:-1"},"canonical":"https:\/\/www.mauviel.com\/en\/exclusivity\/","og_locale":"en_US","og_type":"article","og_title":"Exclusivity - Mauviel 1830","og_description":"Products made to measure Because everyone organizes their kitchen differently, from the creation of dishes to the utensils used, the team Mauviel 1830 has invested all its know-how, to \u201ccooking\u201d, not only for the professionals but also, the lovers of tastes and flavors. The unique manufacture in the world to use so many different materials, &hellip; Continue reading Exclusivity &rarr;","og_url":"https:\/\/www.mauviel.com\/en\/exclusivity\/","og_site_name":"Mauviel 1830","article_modified_time":"2018-05-23T16:50:51+00:00","og_image":[{"url":"https:\/\/www.mauviel.com\/file\/2017\/12\/surmesure01th.jpg","type":"","width":"","height":""}],"twitter_card":"summary_large_image","twitter_misc":{"Est. reading time":"2 minutes"},"schema":{"@context":"https:\/\/schema.org","@graph":[{"@type":"WebPage","@id":"https:\/\/www.mauviel.com\/en\/exclusivity\/","url":"https:\/\/www.mauviel.com\/en\/exclusivity\/","name":"Exclusivity - Mauviel 1830","isPartOf":{"@id":"https:\/\/www.mauviel.com\/#website"},"primaryImageOfPage":{"@id":"https:\/\/www.mauviel.com\/en\/exclusivity\/#primaryimage"},"image":{"@id":"https:\/\/www.mauviel.com\/en\/exclusivity\/#primaryimage"},"thumbnailUrl":"https:\/\/www.mauviel.com\/file\/2017\/12\/surmesure01th.jpg","datePublished":"2018-05-23T16:47:46+00:00","dateModified":"2018-05-23T16:50:51+00:00","breadcrumb":{"@id":"https:\/\/www.mauviel.com\/en\/exclusivity\/#breadcrumb"},"inLanguage":"en-US","potentialAction":[{"@type":"ReadAction","target":["https:\/\/www.mauviel.com\/en\/exclusivity\/"]}]},{"@type":"ImageObject","inLanguage":"en-US","@id":"https:\/\/www.mauviel.com\/en\/exclusivity\/#primaryimage","url":"https:\/\/www.mauviel.com\/file\/2017\/12\/surmesure01th.jpg","contentUrl":"https:\/\/www.mauviel.com\/file\/2017\/12\/surmesure01th.jpg"},{"@type":"BreadcrumbList","@id":"https:\/\/www.mauviel.com\/en\/exclusivity\/#breadcrumb","itemListElement":[{"@type":"ListItem","position":1,"name":"Accueil","item":"https:\/\/www.mauviel.com\/en\/home\/"},{"@type":"ListItem","position":2,"name":"Exclusivity"}]},{"@type":"WebSite","@id":"https:\/\/www.mauviel.com\/#website","url":"https:\/\/www.mauviel.com\/","name":"Mauviel 1830","description":"Mauviel, implant\u00e9e \u00e0 Villedieu-les Po\u00eales depuis plus de 150 ans, fabrique des articles de cuisine destin\u00e9s aux professionnels et aux particuliers","potentialAction":[{"@type":"SearchAction","target":{"@type":"EntryPoint","urlTemplate":"https:\/\/www.mauviel.com\/?s={search_term_string}"},"query-input":{"@type":"PropertyValueSpecification","valueRequired":true,"valueName":"search_term_string"}}],"inLanguage":"en-US"}]}},"_links":{"self":[{"href":"https:\/\/www.mauviel.com\/en\/wp-json\/wp\/v2\/pages\/7536","targetHints":{"allow":["GET"]}}],"collection":[{"href":"https:\/\/www.mauviel.com\/en\/wp-json\/wp\/v2\/pages"}],"about":[{"href":"https:\/\/www.mauviel.com\/en\/wp-json\/wp\/v2\/types\/page"}],"author":[{"embeddable":true,"href":"https:\/\/www.mauviel.com\/en\/wp-json\/wp\/v2\/users\/1"}],"replies":[{"embeddable":true,"href":"https:\/\/www.mauviel.com\/en\/wp-json\/wp\/v2\/comments?post=7536"}],"version-history":[{"count":0,"href":"https:\/\/www.mauviel.com\/en\/wp-json\/wp\/v2\/pages\/7536\/revisions"}],"wp:attachment":[{"href":"https:\/\/www.mauviel.com\/en\/wp-json\/wp\/v2\/media?parent=7536"}],"curies":[{"name":"wp","href":"https:\/\/api.w.org\/{rel}","templated":true}]}}