{"id":11478,"date":"2020-05-30T15:23:22","date_gmt":"2020-05-30T13:23:22","guid":{"rendered":"https:\/\/www.mauviel.com\/?page_id=11478"},"modified":"2020-06-18T16:37:14","modified_gmt":"2020-06-18T14:37:14","slug":"newsletter","status":"publish","type":"page","link":"https:\/\/www.mauviel.com\/en\/newsletter\/","title":{"rendered":"Newsletter"},"content":{"rendered":"<div class=\"full fullb\">\r\n<div class=\"mid exc\"><img loading=\"lazy\" decoding=\"async\" src=\"https:\/\/www.mauviel.com\/file\/2020\/06\/mauviel_newsletter.jpg\" alt=\"Newsletter Mauviel1830\" width=\"505\" height=\"632\" class=\"alignnone size-full wp-image-11506\" \/>\r\n<\/div>\r\n<div class=\"mid\">\r\n<div class=\"\">\r\n<h2>Suivez toute l&#8217;actualit\u00e9 de Mauviel1830<\/h2>\r\n<div class=\"description\">\r\n<p style=\"font-size:16px\">BIENVENUE<br>\r\nNous serons tr\u00e8s heureux de vous compter dans le Club Mauviel1830.<br\/>\r\nNous vous r\u00e9servons offres sp\u00e9ciales et ventes priv\u00e9es, recettes de Chef et avantages fid\u00e9lit\u00e9.\r\n<\/p>\r\n\t\t\t\t\t<script type=\"text\/javascript\">\n\t\t\t\t\t\tvar gCaptchaSibWidget;\n                        var onloadSibCallbackInvisible = function () {\n\n                            var element = document.getElementsByClassName('sib-default-btn');\n                            var countInvisible = 0;\n                            var indexArray = [];\n                            jQuery('.sib-default-btn').each(function (index, el) {\n                                if ((jQuery(el).attr('id') == \"invisible\")) {\n                                    indexArray[countInvisible] = index;\n                                    countInvisible++\n                                }\n                            });\n\n                            jQuery('.invi-recaptcha').each(function (index, el) {\n                                grecaptcha.render(element[indexArray[index]], {\n                                    'sitekey': jQuery(el).attr('data-sitekey'),\n                                    'callback': sibVerifyCallback,\n                                });\n                            });\n                        };\n\t\t\t\t\t<\/script>\n\t\t\t\t\t                <script src=\"https:\/\/www.google.com\/recaptcha\/api.js?onload=onloadSibCallbackInvisible&render=explicit\" async defer><\/script>\n\t\t\t\t\n\t\t\t<form id=\"sib_signup_form_2\" method=\"post\" class=\"sib_signup_form\">\n\t\t\t\t<div class=\"sib_loader\" style=\"display:none;\"><img\n\t\t\t\t\t\t\tsrc=\"https:\/\/www.mauviel.com\/other\/images\/spinner.gif\" alt=\"loader\"><\/div>\n\t\t\t\t<input type=\"hidden\" name=\"sib_form_action\" value=\"subscribe_form_submit\">\n\t\t\t\t<input type=\"hidden\" name=\"sib_form_id\" value=\"2\">\n                <input type=\"hidden\" name=\"sib_form_alert_notice\" value=\"Please fill in this field\">\n                <input type=\"hidden\" name=\"sib_form_invalid_email_notice\" value=\"This email address is not valid\">\n                <input type=\"hidden\" name=\"sib_security\" value=\"20d99fb8cb\">\n\t\t\t\t<div class=\"sib_signup_box_inside_2\">\n\t\t\t\t\t<div style=\"\/*display:none*\/\" class=\"sib_msg_disp\">\n\t\t\t\t\t<\/div>\n                                            <div id=\"sib_captcha_invisible\" class=\"invi-recaptcha\" data-sitekey=\"6LdYWswZAAAAAPKk1zAz-iVTrIJYRwY5-_Q2tgwf\"><\/div>\n                    \t\t\t\t\t<div class=\"mid\">\r\n<p class=\"sib-PRENOM-area\"> \r\n    <label class=\"sib-PRENOM-area\">First name*<\/label> <br \/>\r\n    <input type=\"text\" class=\"sib-PRENOM-area\" name=\"PRENOM\" required=\"required\"> \r\n<\/p>\r\n<\/div>\r\n<div class=\"mid\">\r\n<p class=\"sib-NOM-area\"> \r\n    <label class=\"sib-NOM-area\">Last name*<\/label> <br \/>\r\n    <input type=\"text\" class=\"sib-NOM-area\" name=\"NOM\" required=\"required\">\r\n<\/p>\r\n<\/div>\r\n<div class=\"clear\"><\/div>\r\n<p class=\"sib-email-area\"> \r\n    <label class=\"sib-email-area\">Email address*<\/label> <br \/>\r\n    <input type=\"email\" class=\"sib-email-area\" name=\"email\" placeholder=\"\" value=\"\" required=\"required\"> <input type=\"submit\" id=\"invisible\" class=\"sib-default-btn\" value=\"OK\">\r\n<\/p>\r\n<input type=\"checkbox\" name=\"terms\" required=\"required\">  I accept that my personal data will be used ONLY in the internal communication of Mauviel1830.\t\t\t\t<\/div>\n\t\t\t<\/form>\n\t\t\t<style>\n\t\t\t\tform#sib_signup_form_2 p.sib-alert-message {\n    padding: 6px 12px;\n    margin-bottom: 20px;\n    border: 1px solid transparent;\n    border-radius: 4px;\n    -webkit-box-sizing: border-box;\n    -moz-box-sizing: border-box;\n    box-sizing: border-box;\n}\nform#sib_signup_form_2 p.sib-alert-message-error {\n    background-color: #f2dede;\n    border-color: #ebccd1;\n    color: #a94442;\n}\nform#sib_signup_form_2 p.sib-alert-message-success {\n    background-color: #dff0d8;\n    border-color: #d6e9c6;\n    color: #3c763d;\n}\nform#sib_signup_form_2 p.sib-alert-message-warning {\n    background-color: #fcf8e3;\n    border-color: #faebcc;\n    color: #8a6d3b;\n}\n\t\t\t<\/style>\n\t\t\t\r\n\r\n<p><\/p>\r\n<p><em style=\"font-size:10px\">Votre adresse \u00e9lectronique est uniquement utilis\u00e9e pour vous envoyer notre actualit\u00e9 et nos offres promotionnelles. <br\/>Vous pouvez vous d\u00e9sinscrire \u00e0 tout moment en cliquant sur le lien de d\u00e9sabonnement inclus dans nos newsletters.<\/em><\/p>\r\n\r\n<\/div>\r\n<\/div>\r\n<\/div>\r\n<\/div>\r\n<div class=\"clear\"><\/div>\r\n\r\n\r\n","protected":false},"excerpt":{"rendered":"<p>Suivez toute l&#8217;actualit\u00e9 de Mauviel1830 BIENVENUE Nous serons tr\u00e8s heureux de vous compter dans le Club Mauviel1830. Nous vous r\u00e9servons offres sp\u00e9ciales et ventes priv\u00e9es, recettes de Chef et avantages fid\u00e9lit\u00e9. Votre adresse \u00e9lectronique est uniquement utilis\u00e9e pour vous envoyer notre actualit\u00e9 et nos offres promotionnelles. Vous pouvez vous d\u00e9sinscrire \u00e0 tout moment en cliquant &hellip; <a href=\"https:\/\/www.mauviel.com\/en\/newsletter\/\" class=\"more-link\">Continue reading <span class=\"screen-reader-text\">Newsletter<\/span> <span class=\"meta-nav\">&rarr;<\/span><\/a><\/p>\n","protected":false},"author":1,"featured_media":0,"parent":0,"menu_order":0,"comment_status":"closed","ping_status":"closed","template":"","meta":{"footnotes":""},"class_list":["post-11478","page","type-page","status-publish","hentry"],"yoast_head":"<!-- This site is optimized with the Yoast SEO plugin v27.4 - https:\/\/yoast.com\/product\/yoast-seo-wordpress\/ -->\n<title>Newsletter - Mauviel 1830<\/title>\n<meta name=\"robots\" content=\"index, follow, max-snippet:-1, max-image-preview:large, max-video-preview:-1\" \/>\n<link rel=\"canonical\" href=\"https:\/\/www.mauviel.com\/en\/newsletter\/\" \/>\n<meta property=\"og:locale\" content=\"en_US\" \/>\n<meta property=\"og:type\" content=\"article\" \/>\n<meta property=\"og:title\" content=\"Newsletter - Mauviel 1830\" \/>\n<meta property=\"og:description\" content=\"Suivez toute l&#8217;actualit\u00e9 de Mauviel1830 BIENVENUE Nous serons tr\u00e8s heureux de vous compter dans le Club Mauviel1830. Nous vous r\u00e9servons offres sp\u00e9ciales et ventes priv\u00e9es, recettes de Chef et avantages fid\u00e9lit\u00e9. Votre adresse \u00e9lectronique est uniquement utilis\u00e9e pour vous envoyer notre actualit\u00e9 et nos offres promotionnelles. Vous pouvez vous d\u00e9sinscrire \u00e0 tout moment en cliquant &hellip; Continue reading Newsletter &rarr;\" \/>\n<meta property=\"og:url\" content=\"https:\/\/www.mauviel.com\/en\/newsletter\/\" \/>\n<meta property=\"og:site_name\" content=\"Mauviel 1830\" \/>\n<meta property=\"article:modified_time\" content=\"2020-06-18T14:37:14+00:00\" \/>\n<meta property=\"og:image\" content=\"https:\/\/www.mauviel.com\/file\/2020\/06\/mauviel_newsletter.jpg\" \/>\n<meta name=\"twitter:card\" content=\"summary_large_image\" \/>\n<script type=\"application\/ld+json\" class=\"yoast-schema-graph\">{\"@context\":\"https:\\\/\\\/schema.org\",\"@graph\":[{\"@type\":\"WebPage\",\"@id\":\"https:\\\/\\\/www.mauviel.com\\\/en\\\/newsletter\\\/\",\"url\":\"https:\\\/\\\/www.mauviel.com\\\/en\\\/newsletter\\\/\",\"name\":\"Newsletter - Mauviel 1830\",\"isPartOf\":{\"@id\":\"https:\\\/\\\/www.mauviel.com\\\/#website\"},\"primaryImageOfPage\":{\"@id\":\"https:\\\/\\\/www.mauviel.com\\\/en\\\/newsletter\\\/#primaryimage\"},\"image\":{\"@id\":\"https:\\\/\\\/www.mauviel.com\\\/en\\\/newsletter\\\/#primaryimage\"},\"thumbnailUrl\":\"https:\\\/\\\/www.mauviel.com\\\/inc\\\/uploads\\\/2020\\\/06\\\/mauviel_newsletter.jpg\",\"datePublished\":\"2020-05-30T13:23:22+00:00\",\"dateModified\":\"2020-06-18T14:37:14+00:00\",\"breadcrumb\":{\"@id\":\"https:\\\/\\\/www.mauviel.com\\\/en\\\/newsletter\\\/#breadcrumb\"},\"inLanguage\":\"en-US\",\"potentialAction\":[{\"@type\":\"ReadAction\",\"target\":[\"https:\\\/\\\/www.mauviel.com\\\/en\\\/newsletter\\\/\"]}]},{\"@type\":\"ImageObject\",\"inLanguage\":\"en-US\",\"@id\":\"https:\\\/\\\/www.mauviel.com\\\/en\\\/newsletter\\\/#primaryimage\",\"url\":\"https:\\\/\\\/www.mauviel.com\\\/inc\\\/uploads\\\/2020\\\/06\\\/mauviel_newsletter.jpg\",\"contentUrl\":\"https:\\\/\\\/www.mauviel.com\\\/inc\\\/uploads\\\/2020\\\/06\\\/mauviel_newsletter.jpg\"},{\"@type\":\"BreadcrumbList\",\"@id\":\"https:\\\/\\\/www.mauviel.com\\\/en\\\/newsletter\\\/#breadcrumb\",\"itemListElement\":[{\"@type\":\"ListItem\",\"position\":1,\"name\":\"Accueil\",\"item\":\"https:\\\/\\\/www.mauviel.com\\\/en\\\/home\\\/\"},{\"@type\":\"ListItem\",\"position\":2,\"name\":\"Newsletter\"}]},{\"@type\":\"WebSite\",\"@id\":\"https:\\\/\\\/www.mauviel.com\\\/#website\",\"url\":\"https:\\\/\\\/www.mauviel.com\\\/\",\"name\":\"Mauviel 1830\",\"description\":\"Mauviel, implant\u00e9e \u00e0 Villedieu-les Po\u00eales depuis plus de 150 ans, fabrique des articles de cuisine destin\u00e9s aux professionnels et aux particuliers\",\"potentialAction\":[{\"@type\":\"SearchAction\",\"target\":{\"@type\":\"EntryPoint\",\"urlTemplate\":\"https:\\\/\\\/www.mauviel.com\\\/?s={search_term_string}\"},\"query-input\":{\"@type\":\"PropertyValueSpecification\",\"valueRequired\":true,\"valueName\":\"search_term_string\"}}],\"inLanguage\":\"en-US\"}]}<\/script>\n<!-- \/ Yoast SEO plugin. -->","yoast_head_json":{"title":"Newsletter - Mauviel 1830","robots":{"index":"index","follow":"follow","max-snippet":"max-snippet:-1","max-image-preview":"max-image-preview:large","max-video-preview":"max-video-preview:-1"},"canonical":"https:\/\/www.mauviel.com\/en\/newsletter\/","og_locale":"en_US","og_type":"article","og_title":"Newsletter - Mauviel 1830","og_description":"Suivez toute l&#8217;actualit\u00e9 de Mauviel1830 BIENVENUE Nous serons tr\u00e8s heureux de vous compter dans le Club Mauviel1830. Nous vous r\u00e9servons offres sp\u00e9ciales et ventes priv\u00e9es, recettes de Chef et avantages fid\u00e9lit\u00e9. Votre adresse \u00e9lectronique est uniquement utilis\u00e9e pour vous envoyer notre actualit\u00e9 et nos offres promotionnelles. Vous pouvez vous d\u00e9sinscrire \u00e0 tout moment en cliquant &hellip; Continue reading Newsletter &rarr;","og_url":"https:\/\/www.mauviel.com\/en\/newsletter\/","og_site_name":"Mauviel 1830","article_modified_time":"2020-06-18T14:37:14+00:00","og_image":[{"url":"https:\/\/www.mauviel.com\/file\/2020\/06\/mauviel_newsletter.jpg","type":"","width":"","height":""}],"twitter_card":"summary_large_image","schema":{"@context":"https:\/\/schema.org","@graph":[{"@type":"WebPage","@id":"https:\/\/www.mauviel.com\/en\/newsletter\/","url":"https:\/\/www.mauviel.com\/en\/newsletter\/","name":"Newsletter - Mauviel 1830","isPartOf":{"@id":"https:\/\/www.mauviel.com\/#website"},"primaryImageOfPage":{"@id":"https:\/\/www.mauviel.com\/en\/newsletter\/#primaryimage"},"image":{"@id":"https:\/\/www.mauviel.com\/en\/newsletter\/#primaryimage"},"thumbnailUrl":"https:\/\/www.mauviel.com\/file\/2020\/06\/mauviel_newsletter.jpg","datePublished":"2020-05-30T13:23:22+00:00","dateModified":"2020-06-18T14:37:14+00:00","breadcrumb":{"@id":"https:\/\/www.mauviel.com\/en\/newsletter\/#breadcrumb"},"inLanguage":"en-US","potentialAction":[{"@type":"ReadAction","target":["https:\/\/www.mauviel.com\/en\/newsletter\/"]}]},{"@type":"ImageObject","inLanguage":"en-US","@id":"https:\/\/www.mauviel.com\/en\/newsletter\/#primaryimage","url":"https:\/\/www.mauviel.com\/file\/2020\/06\/mauviel_newsletter.jpg","contentUrl":"https:\/\/www.mauviel.com\/file\/2020\/06\/mauviel_newsletter.jpg"},{"@type":"BreadcrumbList","@id":"https:\/\/www.mauviel.com\/en\/newsletter\/#breadcrumb","itemListElement":[{"@type":"ListItem","position":1,"name":"Accueil","item":"https:\/\/www.mauviel.com\/en\/home\/"},{"@type":"ListItem","position":2,"name":"Newsletter"}]},{"@type":"WebSite","@id":"https:\/\/www.mauviel.com\/#website","url":"https:\/\/www.mauviel.com\/","name":"Mauviel 1830","description":"Mauviel, implant\u00e9e \u00e0 Villedieu-les Po\u00eales depuis plus de 150 ans, fabrique des articles de cuisine destin\u00e9s aux professionnels et aux particuliers","potentialAction":[{"@type":"SearchAction","target":{"@type":"EntryPoint","urlTemplate":"https:\/\/www.mauviel.com\/?s={search_term_string}"},"query-input":{"@type":"PropertyValueSpecification","valueRequired":true,"valueName":"search_term_string"}}],"inLanguage":"en-US"}]}},"_links":{"self":[{"href":"https:\/\/www.mauviel.com\/en\/wp-json\/wp\/v2\/pages\/11478","targetHints":{"allow":["GET"]}}],"collection":[{"href":"https:\/\/www.mauviel.com\/en\/wp-json\/wp\/v2\/pages"}],"about":[{"href":"https:\/\/www.mauviel.com\/en\/wp-json\/wp\/v2\/types\/page"}],"author":[{"embeddable":true,"href":"https:\/\/www.mauviel.com\/en\/wp-json\/wp\/v2\/users\/1"}],"replies":[{"embeddable":true,"href":"https:\/\/www.mauviel.com\/en\/wp-json\/wp\/v2\/comments?post=11478"}],"version-history":[{"count":0,"href":"https:\/\/www.mauviel.com\/en\/wp-json\/wp\/v2\/pages\/11478\/revisions"}],"wp:attachment":[{"href":"https:\/\/www.mauviel.com\/en\/wp-json\/wp\/v2\/media?parent=11478"}],"curies":[{"name":"wp","href":"https:\/\/api.w.org\/{rel}","templated":true}]}}